{"id":3225,"date":"2024-01-22T13:38:49","date_gmt":"2024-01-22T12:38:49","guid":{"rendered":"https:\/\/dev.heidelbeach.de\/?page_id=3225"},"modified":"2024-01-22T13:45:29","modified_gmt":"2024-01-22T12:45:29","slug":"impressum","status":"publish","type":"page","link":"https:\/\/www.heidelbeach.de\/?page_id=3225","title":{"rendered":"Impressum"},"content":{"rendered":"\t\t<div data-elementor-type=\"wp-page\" data-elementor-id=\"3225\" class=\"elementor elementor-3225\">\n\t\t\t\t\t\t\t<div class=\"elementor-element elementor-element-461f605 e-flex e-con-boxed e-con e-parent\" data-id=\"461f605\" data-element_type=\"container\" data-settings=\"{&quot;content_width&quot;:&quot;boxed&quot;}\" data-core-v316-plus=\"true\">\n\t\t\t\t\t<div class=\"e-con-inner\">\n\t\t\t\t<div class=\"elementor-element elementor-element-5c2f558 elementor-widget elementor-widget-text-editor\" data-id=\"5c2f558\" data-element_type=\"widget\" data-widget_type=\"text-editor.default\">\n\t\t\t\t<div class=\"elementor-widget-container\">\n\t\t\t<style>\/*! elementor - v3.18.0 - 20-12-2023 *\/\n.elementor-widget-text-editor.elementor-drop-cap-view-stacked .elementor-drop-cap{background-color:#69727d;color:#fff}.elementor-widget-text-editor.elementor-drop-cap-view-framed .elementor-drop-cap{color:#69727d;border:3px solid;background-color:transparent}.elementor-widget-text-editor:not(.elementor-drop-cap-view-default) .elementor-drop-cap{margin-top:8px}.elementor-widget-text-editor:not(.elementor-drop-cap-view-default) .elementor-drop-cap-letter{width:1em;height:1em}.elementor-widget-text-editor .elementor-drop-cap{float:left;text-align:center;line-height:1;font-size:50px}.elementor-widget-text-editor .elementor-drop-cap-letter{display:inline-block}<\/style>\t\t\t\t<p>AGKD GmbH<br \/>Tiergartenstra\u00dfe 13, 69121 Heidelberg<br \/>Telefon: 06221-725-573-1<\/p><p>Gesch\u00e4ftsf\u00fchrer:<br \/>Axel Kappey<br \/>Guy Dechandol<\/p><p>Handelsregister:<br \/>HRB Mannheim 708 857<\/p><p>Steuernummer:<br \/>32019\/21889<\/p><p>Ust.ID.:<br \/>DE 270 219 951<\/p><p>Die AGKD \u00fcbernimmt keine Verantwortung f\u00fcr die Inhalte eventuell verlinkter Seiten<\/p>\t\t\t\t\t\t<\/div>\n\t\t\t\t<\/div>\n\t\t\t\t\t<\/div>\n\t\t\t\t<\/div>\n\t\t\t\t\t\t\t<\/div>\n\t\t","protected":false},"excerpt":{"rendered":"<p>AGKD GmbHTiergartenstra\u00dfe 13, 69121 HeidelbergTelefon: 06221-725-573-1 Gesch\u00e4ftsf\u00fchrer:Axel KappeyGuy Dechandol Handelsregister:HRB Mannheim 708 857 Steuernummer:32019\/21889 Ust.ID.:DE 270 219 951 Die AGKD&#8230; <span class=\"tst-el-more\"><a href=\"https:\/\/www.heidelbeach.de\/?page_id=3225\" class=\"tst-label tst-color tst-anima-link\">Read more<span class=\"screen-reader-text\">Read moreImpressum<\/span><\/a><\/span><\/p>\n","protected":false},"author":1,"featured_media":0,"parent":0,"menu_order":0,"comment_status":"closed","ping_status":"closed","template":"","meta":{"footnotes":""},"class_list":["post-3225","page","type-page","status-publish","hentry"],"acf":[],"aioseo_notices":[],"_links":{"self":[{"href":"https:\/\/www.heidelbeach.de\/index.php?rest_route=\/wp\/v2\/pages\/3225","targetHints":{"allow":["GET"]}}],"collection":[{"href":"https:\/\/www.heidelbeach.de\/index.php?rest_route=\/wp\/v2\/pages"}],"about":[{"href":"https:\/\/www.heidelbeach.de\/index.php?rest_route=\/wp\/v2\/types\/page"}],"author":[{"embeddable":true,"href":"https:\/\/www.heidelbeach.de\/index.php?rest_route=\/wp\/v2\/users\/1"}],"replies":[{"embeddable":true,"href":"https:\/\/www.heidelbeach.de\/index.php?rest_route=%2Fwp%2Fv2%2Fcomments&post=3225"}],"version-history":[{"count":4,"href":"https:\/\/www.heidelbeach.de\/index.php?rest_route=\/wp\/v2\/pages\/3225\/revisions"}],"predecessor-version":[{"id":3229,"href":"https:\/\/www.heidelbeach.de\/index.php?rest_route=\/wp\/v2\/pages\/3225\/revisions\/3229"}],"wp:attachment":[{"href":"https:\/\/www.heidelbeach.de\/index.php?rest_route=%2Fwp%2Fv2%2Fmedia&parent=3225"}],"curies":[{"name":"wp","href":"https:\/\/api.w.org\/{rel}","templated":true}]}}