{"id":3299,"date":"2024-01-23T16:07:08","date_gmt":"2024-01-23T15:07:08","guid":{"rendered":"https:\/\/dev.heidelbeach.de\/?page_id=3299"},"modified":"2024-01-25T16:32:12","modified_gmt":"2024-01-25T15:32:12","slug":"eventanfragen","status":"publish","type":"page","link":"https:\/\/www.heidelbeach.de\/?page_id=3299","title":{"rendered":"Eventanfragen"},"content":{"rendered":"\n<p>wenn Sie die Planung einer Veranstaltung, sei es ein Firmenevent, Sommerfest, Konzert oder eine andere Veranstaltungsart, in Erw\u00e4gung ziehen, stehen wir Ihnen gerne zur Verf\u00fcgung. Unser erfahrenes Team freut sich darauf, Sie bei der Organisation und Umsetzung zu unterst\u00fctzen.<\/p>\n\n\n\n<p>Bitte nehmen Sie Kontakt mit uns auf, indem Sie uns eine E-Mail senden. Teilen Sie uns gerne erste Informationen zu Ihrer geplanten Veranstaltung mit, damit wir besser verstehen k\u00f6nnen, wie wir Ihnen am besten dienen k\u00f6nnen. Wir sind flexibel und gehen gerne auf Ihre individuellen Bed\u00fcrfnisse ein.<\/p>\n\n\n\n<p>Wir freuen uns darauf, mit Ihnen zusammenzuarbeiten, um Ihre Veranstaltung zu einem Erfolg zu machen. Kontaktieren Sie uns unter info@heidelbeach.de und lassen Sie uns gemeinsam Ihr Event planen.<\/p>\n\n\n\n<p>Mit freundlichen Gr\u00fc\u00dfen,<\/p>\n\n\n\n<p>Ihr Heidelgarden \/ Heidelbeach Team<\/p>\n","protected":false},"excerpt":{"rendered":"<p>wenn Sie die Planung einer Veranstaltung, sei es ein Firmenevent, Sommerfest, Konzert oder eine andere Veranstaltungsart, in Erw\u00e4gung ziehen, stehen&#8230; <span class=\"tst-el-more\"><a href=\"https:\/\/www.heidelbeach.de\/?page_id=3299\" class=\"tst-label tst-color tst-anima-link\">Read more<span class=\"screen-reader-text\">Read moreEventanfragen<\/span><\/a><\/span><\/p>\n","protected":false},"author":1,"featured_media":0,"parent":0,"menu_order":0,"comment_status":"closed","ping_status":"closed","template":"","meta":{"footnotes":""},"class_list":["post-3299","page","type-page","status-publish","hentry"],"acf":[],"aioseo_notices":[],"_links":{"self":[{"href":"https:\/\/www.heidelbeach.de\/index.php?rest_route=\/wp\/v2\/pages\/3299","targetHints":{"allow":["GET"]}}],"collection":[{"href":"https:\/\/www.heidelbeach.de\/index.php?rest_route=\/wp\/v2\/pages"}],"about":[{"href":"https:\/\/www.heidelbeach.de\/index.php?rest_route=\/wp\/v2\/types\/page"}],"author":[{"embeddable":true,"href":"https:\/\/www.heidelbeach.de\/index.php?rest_route=\/wp\/v2\/users\/1"}],"replies":[{"embeddable":true,"href":"https:\/\/www.heidelbeach.de\/index.php?rest_route=%2Fwp%2Fv2%2Fcomments&post=3299"}],"version-history":[{"count":4,"href":"https:\/\/www.heidelbeach.de\/index.php?rest_route=\/wp\/v2\/pages\/3299\/revisions"}],"predecessor-version":[{"id":3550,"href":"https:\/\/www.heidelbeach.de\/index.php?rest_route=\/wp\/v2\/pages\/3299\/revisions\/3550"}],"wp:attachment":[{"href":"https:\/\/www.heidelbeach.de\/index.php?rest_route=%2Fwp%2Fv2%2Fmedia&parent=3299"}],"curies":[{"name":"wp","href":"https:\/\/api.w.org\/{rel}","templated":true}]}}