{"id":3305,"date":"2024-01-23T16:10:25","date_gmt":"2024-01-23T15:10:25","guid":{"rendered":"https:\/\/dev.heidelbeach.de\/?page_id=3305"},"modified":"2024-01-26T14:14:06","modified_gmt":"2024-01-26T13:14:06","slug":"heidelgarden-facts","status":"publish","type":"page","link":"https:\/\/www.heidelbeach.de\/?page_id=3305","title":{"rendered":"Heidelgarden Facts"},"content":{"rendered":"\t\t<div data-elementor-type=\"wp-page\" data-elementor-id=\"3305\" class=\"elementor elementor-3305\">\n\t\t\t\t\t\t\t<div class=\"elementor-element elementor-element-11641c5 e-flex e-con-boxed e-con e-parent\" data-id=\"11641c5\" data-element_type=\"container\" data-settings=\"{&quot;content_width&quot;:&quot;boxed&quot;}\" data-core-v316-plus=\"true\">\n\t\t\t\t\t<div class=\"e-con-inner\">\n\t\t\t\t<div class=\"elementor-element elementor-element-2362f01 elementor-widget elementor-widget-text-editor\" data-id=\"2362f01\" data-element_type=\"widget\" data-widget_type=\"text-editor.default\">\n\t\t\t\t<div class=\"elementor-widget-container\">\n\t\t\t<style>\/*! elementor - v3.18.0 - 20-12-2023 *\/\n.elementor-widget-text-editor.elementor-drop-cap-view-stacked .elementor-drop-cap{background-color:#69727d;color:#fff}.elementor-widget-text-editor.elementor-drop-cap-view-framed .elementor-drop-cap{color:#69727d;border:3px solid;background-color:transparent}.elementor-widget-text-editor:not(.elementor-drop-cap-view-default) .elementor-drop-cap{margin-top:8px}.elementor-widget-text-editor:not(.elementor-drop-cap-view-default) .elementor-drop-cap-letter{width:1em;height:1em}.elementor-widget-text-editor .elementor-drop-cap{float:left;text-align:center;line-height:1;font-size:50px}.elementor-widget-text-editor .elementor-drop-cap-letter{display:inline-block}<\/style>\t\t\t\t<p>Willkommen in unserer einzigartigen Eventlocation in Heidelberg \u2013 der perfekten Kulisse f\u00fcr Gro\u00dfveranstaltungen mit bis zu 5000 Personen! Unsere gro\u00dfz\u00fcgige Open-Air-Location bietet nicht nur ausreichend Platz f\u00fcr Ihre G\u00e4ste, sondern auch eine atemberaubende Atmosph\u00e4re, die Events zu unvergesslichen Erlebnissen macht.<\/p><p>Als offizielle Versammlungsst\u00e4tte erf\u00fcllen wir alle erforderlichen Sicherheitsstandards und bieten die ideale Infrastruktur f\u00fcr Konzerte, Sommerfeste und Partys jeder Art. Unsere Location ist nicht nur mietbar, sondern auch flexibel anpassbar, um Ihren individuellen Anforderungen gerecht zu werden.<\/p><p>Genie\u00dfen Sie die Freiheit des Open-Air-Konzepts und feiern Sie unter freiem Himmel. Unsere Anlage ist speziell darauf ausgerichtet, ein unvergleichliches Erlebnis f\u00fcr Veranstaltungen aller Art zu schaffen. Ob mit Live-Musik, DJ-Sets oder einem vielseitigen Rahmenprogramm \u2013 Ihrer Kreativit\u00e4t sind keine Grenzen gesetzt.<\/p><p>Damit Ihre G\u00e4ste entspannt anreisen k\u00f6nnen, stehen ausreichend kostenlose Parkpl\u00e4tze direkt vor Ort zur Verf\u00fcgung. Aber auch der \u00f6ffentliche Nahverkehr ist optimal angebunden. Unsere Location ist bequem mit Bus und Bahn erreichbar, sodass Ihre G\u00e4ste eine stressfreie An- und Abreise genie\u00dfen k\u00f6nnen.<\/p><p>Egal, ob Sie eine gigantische Party, ein mitrei\u00dfendes Konzert oder ein ausgelassenes Sommerfest planen \u2013 unsere Eventlocation in Heidelberg bietet die perfekte B\u00fchne f\u00fcr unvergessliche Momente. Kontaktieren Sie uns noch heute, um mehr \u00fcber die Mietm\u00f6glichkeiten und die vielf\u00e4ltigen Gestaltungsm\u00f6glichkeiten zu erfahren, und sichern Sie sich Ihren Platz f\u00fcr ein Event der Extraklasse!<\/p><p>Key Facts:<\/p><p>Kapazit\u00e4t f\u00fcr bis zu 5000 Personen: Heidelgarden ist darauf ausgerichtet, Gro\u00dfveranstaltungen in einer atemberaubenden Atmosph\u00e4re zu erm\u00f6glichen. Die gro\u00dfz\u00fcgige Fl\u00e4che bietet Platz f\u00fcr Events jeder Gr\u00f6\u00dfenordnung.<\/p><p>\u00d6ffentlicher Nahverkehr: Die optimale Anbindung an den \u00f6ffentlichen Nahverkehr macht die Anreise f\u00fcr G\u00e4ste besonders bequem. So k\u00f6nnen sie sorglos anreisen und das Event in vollen Z\u00fcgen genie\u00dfen.<\/p><p>Kostenlose Parkpl\u00e4tze: F\u00fcr alle, die lieber mit dem Auto anreisen, stehen ausreichend kostenlose Parkpl\u00e4tze direkt vor Ort zur Verf\u00fcgung. Das sorgt f\u00fcr eine stressfreie An- und Abreise.<\/p><p>Mehrere Bars: Genie\u00dfen Sie eine Vielzahl an Getr\u00e4nken aus unseren gut ausgestatteten Bars. Ob erfrischende Cocktails, klassische Drinks oder lokale Spezialit\u00e4ten \u2013 unsere Bars verw\u00f6hnen die Geschmacksknospen.<\/p><p>Toilettenanlage f\u00fcr bis zu 1000 Personen: Ihre G\u00e4ste werden von der gro\u00dfz\u00fcgigen und gut ausgestatteten Toilettenanlage beeindruckt sein, die selbst bei gro\u00dfen Events f\u00fcr ausreichenden Komfort sorgt.<\/p><p>Stromanschl\u00fcsse von 16-63 Ampere: Die flexible Stromversorgung erm\u00f6glicht die Umsetzung verschiedenster technischer Anforderungen. Ob Lichtinstallationen, B\u00fchnenequipment oder technische Gadgets \u2013 Heidelgarden macht es m\u00f6glich.<\/p><p>Infrastruktur Wasser Abwasser: Unsere durchdachte Infrastruktur bietet nicht nur Strom, sondern auch Wasser- und Abwasseranschl\u00fcsse, um sicherzustellen, dass alle Bed\u00fcrfnisse Ihrer Veranstaltung erf\u00fcllt werden.<\/p><p>Heidelgarden steht nicht nur f\u00fcr eine Location, sondern f\u00fcr ein Erlebnis. Ob Konzerte, Sommerfeste, Firmenfeiern oder Hochzeiten \u2013 hier wird jede Veranstaltung zu einem unvergesslichen Highlight. Kontaktieren Sie uns, um mehr \u00fcber die vielf\u00e4ltigen Mietm\u00f6glichkeiten zu erfahren und Ihr n\u00e4chstes Event in Heidelgarden zu planen!<\/p><p>\u00a0<\/p>\t\t\t\t\t\t<\/div>\n\t\t\t\t<\/div>\n\t\t\t\t\t<\/div>\n\t\t\t\t<\/div>\n\t\t\t\t\t\t\t<\/div>\n\t\t","protected":false},"excerpt":{"rendered":"<p>Willkommen in unserer einzigartigen Eventlocation in Heidelberg \u2013 der perfekten Kulisse f\u00fcr Gro\u00dfveranstaltungen mit bis zu 5000 Personen! Unsere gro\u00dfz\u00fcgige&#8230; <span class=\"tst-el-more\"><a href=\"https:\/\/www.heidelbeach.de\/?page_id=3305\" class=\"tst-label tst-color tst-anima-link\">Read more<span class=\"screen-reader-text\">Read moreHeidelgarden Facts<\/span><\/a><\/span><\/p>\n","protected":false},"author":1,"featured_media":0,"parent":0,"menu_order":0,"comment_status":"closed","ping_status":"closed","template":"","meta":{"footnotes":""},"class_list":["post-3305","page","type-page","status-publish","hentry"],"acf":[],"aioseo_notices":[],"_links":{"self":[{"href":"https:\/\/www.heidelbeach.de\/index.php?rest_route=\/wp\/v2\/pages\/3305","targetHints":{"allow":["GET"]}}],"collection":[{"href":"https:\/\/www.heidelbeach.de\/index.php?rest_route=\/wp\/v2\/pages"}],"about":[{"href":"https:\/\/www.heidelbeach.de\/index.php?rest_route=\/wp\/v2\/types\/page"}],"author":[{"embeddable":true,"href":"https:\/\/www.heidelbeach.de\/index.php?rest_route=\/wp\/v2\/users\/1"}],"replies":[{"embeddable":true,"href":"https:\/\/www.heidelbeach.de\/index.php?rest_route=%2Fwp%2Fv2%2Fcomments&post=3305"}],"version-history":[{"count":22,"href":"https:\/\/www.heidelbeach.de\/index.php?rest_route=\/wp\/v2\/pages\/3305\/revisions"}],"predecessor-version":[{"id":3651,"href":"https:\/\/www.heidelbeach.de\/index.php?rest_route=\/wp\/v2\/pages\/3305\/revisions\/3651"}],"wp:attachment":[{"href":"https:\/\/www.heidelbeach.de\/index.php?rest_route=%2Fwp%2Fv2%2Fmedia&parent=3305"}],"curies":[{"name":"wp","href":"https:\/\/api.w.org\/{rel}","templated":true}]}}