{"id":490,"date":"2021-05-01T19:18:53","date_gmt":"2021-05-01T19:18:53","guid":{"rendered":"https:\/\/bslthemes.com\/tastyc\/?page_id=490"},"modified":"2024-05-24T11:30:38","modified_gmt":"2024-05-24T09:30:38","slug":"about-us","status":"publish","type":"page","link":"https:\/\/www.heidelbeach.de\/?page_id=490","title":{"rendered":"\u00dcber uns"},"content":{"rendered":"\t\t<div data-elementor-type=\"wp-page\" data-elementor-id=\"490\" class=\"elementor elementor-490\">\n\t\t\t\t\t\t\t\t\t<section class=\"elementor-section elementor-top-section elementor-element elementor-element-9683c4e elementor-section-full_width elementor-section-height-default elementor-section-height-default\" data-id=\"9683c4e\" data-element_type=\"section\">\n\t\t\t\t\t\t<div class=\"elementor-container elementor-column-gap-no\">\n\t\t\t\t\t<div class=\"elementor-column elementor-col-100 elementor-top-column elementor-element elementor-element-4db2153\" data-id=\"4db2153\" data-element_type=\"column\">\n\t\t\t<div class=\"elementor-widget-wrap elementor-element-populated\">\n\t\t\t\t\t\t\t\t<div class=\"elementor-element elementor-element-9657b78 elementor-widget elementor-widget-tastyc-about-us-wide\" data-id=\"9657b78\" data-element_type=\"widget\" data-widget_type=\"tastyc-about-us-wide.default\">\n\t\t\t\t<div class=\"elementor-widget-container\">\n\t\t\t\n\t\t<!-- container -->\n\t\t<div class=\"container\">\n\n\t\t<div class=\"row\">\n\n                    <div class=\"col-lg-12\">\n\n            <!-- about text -->\n            <div class=\"tst-mb-60 text-center\">\n                            <div class=\"tst-suptitle tst-suptitle-center tst-mb-15\">\n              \t<span >\n\t\t\t\t\t\u00dcBER UNS\t\t\t\t<\/span>\n              <\/div>\n                                          <h3 class=\"tst-title--h text-center tst-mb-30\">\n              \t<span >\n\t\t\t\t\tHeidelbeach Heidelgarden\t\t\t\t<\/span>\n              <\/h3>\n                                          <div class=\"tst-text tst-mb-30\">\n              \t<div >\n\t\t\t\t  \t<p>Seit unserer Gr\u00fcndung im Jahr 2010 haben wir uns als f\u00fchrende Eventlocation einen festen Platz im Herzen von Heidelberg erobert. Mit einer beeindruckenden Bandbreite an Veranstaltungen haben wir uns als vielseitige Adresse f\u00fcr unvergessliche Erlebnisse etabliert.<\/p><p>Bereits zahlreiche Firmenfeiern mit bis zu 5000 Personen fanden in unseren R\u00e4umlichkeiten statt, wobei Flexibilit\u00e4t und Professionalit\u00e4t stets im Vordergrund standen. Neben Firmenevents haben wir uns auch als Gastgeber f\u00fcr verschiedenste Anl\u00e4sse bewiesen \u2013 angefangen von farbenfrohen Holifestivals \u00fcber mitrei\u00dfenden Musiksommer, Kinderparadiesen und stimmungsvollen Public Viewings bis hin zu atmosph\u00e4rischen Open-Air Kinos, inspirierenden Lesungen und beeindruckenden klassischen Konzerten.<\/p><p>Ein absolutes Highlight ist das j\u00e4hrlich stattfindende Wintervari\u00e9te auf unserem Gel\u00e4nde.<\/p><p>Unsere einzigartige Eventlocation bietet Platz f\u00fcr Events von 100 bis zu 5000 Personen und zeichnet sich durch die Freiheit des Open-Air-Konzepts aus. Die M\u00f6glichkeit, Zelte zu errichten, macht uns wetterunabh\u00e4ngig und sorgt f\u00fcr Flexibilit\u00e4t bei der Veranstaltungsplanung. Unser umfassendes Catering l\u00e4sst keine kulinarischen W\u00fcnsche offen.<\/p><p>Der Sommer bei uns bedeutet mehr als nur Sonne \u2013 ein eigener Sandbereich schafft eine entspannte Atmosph\u00e4re f\u00fcr unvergessliche Momente. Unsere Versammlungsst\u00e4tte erf\u00fcllt h\u00f6chste Sicherheitsstandards und bietet den perfekten Rahmen f\u00fcr Firmenfeiern, Konzerte, Partys, Sommerfeste und Hochzeiten.<\/p><p>F\u00fcr eine bequeme Anreise stehen nicht nur kostenlose Parkpl\u00e4tze zur Verf\u00fcgung, sondern auch eine gute Anbindung an den \u00f6ffentlichen Nahverkehr.<\/p><p>Wir sind stolz darauf, seit 2010 eine Plattform f\u00fcr eine breite Palette von Veranstaltungen zu bieten und freuen uns darauf, auch Ihr n\u00e4chstes Event zu einem unvergesslichen Erlebnis zu machen. Kontaktieren Sie uns, um mehr \u00fcber unsere vielf\u00e4ltigen Mietm\u00f6glichkeiten zu erfahren!<\/p><p>\u00a0<\/p>\t\t\t\t<\/div>\n              <\/div>\n                                          \t\t\t\t<a target=\"_blank\" href=\"https:\/\/www.facebook.com\/p\/HeidelbeachHeidelgarden-100063544451298\/\" class=\"tst-icon-link\" title=\"Facebook\">\n\t\t\t\t<i class=\"fab fa-facebook-f\"><\/i>\t\t\t\t<\/a>\n\t\t\t  \t\t\t\t<a target=\"_blank\" href=\"https:\/\/www.instagram.com\/mare.heidelbeach\" class=\"tst-icon-link\" title=\"Instagram\">\n\t\t\t\t<i class=\"fab fa-instagram\"><\/i>\t\t\t\t<\/a>\n\t\t\t  \t\t\t\t<a target=\"_blank\" href=\"https:\/\/youtube.com\" class=\"tst-icon-link\" title=\"Youtube\">\n\t\t\t\t<i class=\"fab fa-youtube\"><\/i>\t\t\t\t<\/a>\n\t\t\t                            <\/div>\n            <!-- about text end -->\n\n          <\/div>\n\n        <\/div>\n        \n        \n                <div class=\"row\">\n\n          <div class=\"col-lg-12\">\n\n            <!-- about video -->\n            <div class=\"tst-about-cover tst-video-cover tst-mb-60\">\n                            <img decoding=\"async\" src=\"https:\/\/www.heidelbeach.de\/wp-content\/uploads\/2024\/01\/beach7.jpeg\" alt=\"\u00dcBER UNS\" class=\"tst-cover animateme\" data-when=\"span\" data-from=\"-1\" data-to=\"2\" data-easing=\"easeinout\" data-scale=\"1.2\">\n                            <div class=\"tst-overlay\"><\/div>\n                            <div class=\"tst-btn-animation\"><\/div>\n              <a class=\"tst-play-button\" data-magnific-video href=\"https:\/\/www.youtube.com\/watch?v=p24obPAXYFQ\" data-width=\"1000\" data-height=\"600\">\n                <i class=\"fas fa-play\"><\/i>\n              <\/a>\n                          <\/div>\n            <!-- about video end -->\n\n          <\/div>\n\n        <\/div>\n        \n        <div class=\"tst-spacer tst-spacer-only-bottom-space\"><\/div>\n\n        <\/div>\n\n\t\t\t\t<\/div>\n\t\t\t\t<\/div>\n\t\t\t\t\t<\/div>\n\t\t<\/div>\n\t\t\t\t\t\t\t<\/div>\n\t\t<\/section>\n\t\t\t\t\t\t\t<\/div>\n\t\t","protected":false},"excerpt":{"rendered":"<p>\u00dcBER UNS Heidelbeach Heidelgarden Seit unserer Gr\u00fcndung im Jahr 2010 haben wir uns als f\u00fchrende Eventlocation einen festen Platz im&#8230; <span class=\"tst-el-more\"><a href=\"https:\/\/www.heidelbeach.de\/?page_id=490\" class=\"tst-label tst-color tst-anima-link\">Read more<span class=\"screen-reader-text\">Read more\u00dcber uns<\/span><\/a><\/span><\/p>\n","protected":false},"author":1,"featured_media":0,"parent":0,"menu_order":0,"comment_status":"closed","ping_status":"closed","template":"template-layout-builder.php","meta":{"footnotes":""},"class_list":["post-490","page","type-page","status-publish","hentry"],"acf":[],"aioseo_notices":[],"_links":{"self":[{"href":"https:\/\/www.heidelbeach.de\/index.php?rest_route=\/wp\/v2\/pages\/490","targetHints":{"allow":["GET"]}}],"collection":[{"href":"https:\/\/www.heidelbeach.de\/index.php?rest_route=\/wp\/v2\/pages"}],"about":[{"href":"https:\/\/www.heidelbeach.de\/index.php?rest_route=\/wp\/v2\/types\/page"}],"author":[{"embeddable":true,"href":"https:\/\/www.heidelbeach.de\/index.php?rest_route=\/wp\/v2\/users\/1"}],"replies":[{"embeddable":true,"href":"https:\/\/www.heidelbeach.de\/index.php?rest_route=%2Fwp%2Fv2%2Fcomments&post=490"}],"version-history":[{"count":76,"href":"https:\/\/www.heidelbeach.de\/index.php?rest_route=\/wp\/v2\/pages\/490\/revisions"}],"predecessor-version":[{"id":3979,"href":"https:\/\/www.heidelbeach.de\/index.php?rest_route=\/wp\/v2\/pages\/490\/revisions\/3979"}],"wp:attachment":[{"href":"https:\/\/www.heidelbeach.de\/index.php?rest_route=%2Fwp%2Fv2%2Fmedia&parent=490"}],"curies":[{"name":"wp","href":"https:\/\/api.w.org\/{rel}","templated":true}]}}