{"id":618,"date":"2021-05-05T21:00:55","date_gmt":"2021-05-05T21:00:55","guid":{"rendered":"https:\/\/bslthemes.com\/tastyc\/?page_id=618"},"modified":"2024-01-26T10:10:26","modified_gmt":"2024-01-26T09:10:26","slug":"about-me","status":"publish","type":"page","link":"https:\/\/www.heidelbeach.de\/?page_id=618","title":{"rendered":"Anfahrt"},"content":{"rendered":"\t\t<div data-elementor-type=\"wp-page\" data-elementor-id=\"618\" class=\"elementor elementor-618\">\n\t\t\t\t\t\t\t\t\t<section class=\"elementor-section elementor-top-section elementor-element elementor-element-9683c4e elementor-section-full_width elementor-section-height-default elementor-section-height-default\" data-id=\"9683c4e\" data-element_type=\"section\">\n\t\t\t\t\t\t<div class=\"elementor-container elementor-column-gap-no\">\n\t\t\t\t\t<div class=\"elementor-column elementor-col-100 elementor-top-column elementor-element elementor-element-4db2153\" data-id=\"4db2153\" data-element_type=\"column\">\n\t\t\t<div class=\"elementor-widget-wrap elementor-element-populated\">\n\t\t\t\t\t\t\t\t<div class=\"elementor-element elementor-element-cb1f1f2 elementor-widget elementor-widget-tastyc-about-me\" data-id=\"cb1f1f2\" data-element_type=\"widget\" data-widget_type=\"tastyc-about-me.default\">\n\t\t\t\t<div class=\"elementor-widget-container\">\n\t\t\t\n\t\t<!-- container -->\n\t\t<div class=\"container\">\n\n\t\t<div class=\"row align-items-center flex-sm-row-reverse\">\n\n\t\t<div class=\"col-lg-6\">\n\n\t\t<!-- about text -->\n\t\t<div class=\"tst-mb-60\">\n\t\t  \t\t  <div class=\"tst-suptitle tst-mb-15\">\n\t\t  \t<span >\n\t\t\t\tSO FINDEST DU UNS\t\t\t<\/span>\n\t\t  <\/div>\n\t\t  \t\t  \t\t  <h3 class=\"tst-mb-30\">\n\t\t  \t<span >\n\t\t\t\tAnfahrt\t\t\t<\/span>\n\t\t  <\/h3>\n\t\t  \t\t  \t\t  <div class=\"tst-text tst-mb-30\">\n\t\t  \t<div >\n\t\t\t  \t<p><a title=\"GOOGLE MAPS\" href=\"https:\/\/www.google.de\/maps\/dir\/\/Heidelgarden+%2F+Heidelbeach,+Tiergartenstra\u00dfe,+Heidelberg\/@49.4201707,8.5748895,12z\/data=!3m1!4b1!4m8!4m7!1m0!1m5!1m1!1s0x4797c6ce78627131:0x50ac123b3ecb1cc8!2m2!1d8.6572954!2d49.4201946?hl=de&amp;entry=ttu\" target=\"_blank\" rel=\"noopener\">Google Maps<\/a><\/p>\t\t\t<\/div>\n\t\t  <\/div>\n\t\t  \t\t  \t\t  <a href=\"\" class=\"tst-btn tst-anima-link tst-lnk-inline tst-mr-30\">\n\t\t  \t<span >\n\t\t\t\tMEHR LESEN\t\t\t<\/span>\n\t\t  <\/a>\n\t\t  \t\t  \t\t  <div class=\"tst-member-social socials-inline\">\n\t\t    \t\t    <a href=\"https:\/\/instagram.com\" target=\"_blank\" title=\"Instagram\" class=\"tst-icon-link\">\n\t\t\t  <svg aria-hidden=\"true\" class=\"e-font-icon-svg e-fab-instagram\" viewBox=\"0 0 448 512\" xmlns=\"http:\/\/www.w3.org\/2000\/svg\"><path d=\"M224.1 141c-63.6 0-114.9 51.3-114.9 114.9s51.3 114.9 114.9 114.9S339 319.5 339 255.9 287.7 141 224.1 141zm0 189.6c-41.1 0-74.7-33.5-74.7-74.7s33.5-74.7 74.7-74.7 74.7 33.5 74.7 74.7-33.6 74.7-74.7 74.7zm146.4-194.3c0 14.9-12 26.8-26.8 26.8-14.9 0-26.8-12-26.8-26.8s12-26.8 26.8-26.8 26.8 12 26.8 26.8zm76.1 27.2c-1.7-35.9-9.9-67.7-36.2-93.9-26.2-26.2-58-34.4-93.9-36.2-37-2.1-147.9-2.1-184.9 0-35.8 1.7-67.6 9.9-93.9 36.1s-34.4 58-36.2 93.9c-2.1 37-2.1 147.9 0 184.9 1.7 35.9 9.9 67.7 36.2 93.9s58 34.4 93.9 36.2c37 2.1 147.9 2.1 184.9 0 35.9-1.7 67.7-9.9 93.9-36.2 26.2-26.2 34.4-58 36.2-93.9 2.1-37 2.1-147.8 0-184.8zM398.8 388c-7.8 19.6-22.9 34.7-42.6 42.6-29.5 11.7-99.5 9-132.1 9s-102.7 2.6-132.1-9c-19.6-7.8-34.7-22.9-42.6-42.6-11.7-29.5-9-99.5-9-132.1s-2.6-102.7 9-132.1c7.8-19.6 22.9-34.7 42.6-42.6 29.5-11.7 99.5-9 132.1-9s102.7-2.6 132.1 9c19.6 7.8 34.7 22.9 42.6 42.6 11.7 29.5 9 99.5 9 132.1s2.7 102.7-9 132.1z\"><\/path><\/svg>\t\t    <\/a>\n\t\t    \t\t    <a href=\"https:\/\/youtube.com\" target=\"_blank\" title=\"Youtube\" class=\"tst-icon-link\">\n\t\t\t  <svg aria-hidden=\"true\" class=\"e-font-icon-svg e-fab-youtube\" viewBox=\"0 0 576 512\" xmlns=\"http:\/\/www.w3.org\/2000\/svg\"><path d=\"M549.655 124.083c-6.281-23.65-24.787-42.276-48.284-48.597C458.781 64 288 64 288 64S117.22 64 74.629 75.486c-23.497 6.322-42.003 24.947-48.284 48.597-11.412 42.867-11.412 132.305-11.412 132.305s0 89.438 11.412 132.305c6.281 23.65 24.787 41.5 48.284 47.821C117.22 448 288 448 288 448s170.78 0 213.371-11.486c23.497-6.321 42.003-24.171 48.284-47.821 11.412-42.867 11.412-132.305 11.412-132.305s0-89.438-11.412-132.305zm-317.51 213.508V175.185l142.739 81.205-142.739 81.201z\"><\/path><\/svg>\t\t    <\/a>\n\t\t    \t\t    <a href=\"https:\/\/facebook.com\" target=\"_blank\" title=\"Facebook\" class=\"tst-icon-link\">\n\t\t\t  <svg aria-hidden=\"true\" class=\"e-font-icon-svg e-fab-facebook-f\" viewBox=\"0 0 320 512\" xmlns=\"http:\/\/www.w3.org\/2000\/svg\"><path d=\"M279.14 288l14.22-92.66h-88.91v-60.13c0-25.35 12.42-50.06 52.24-50.06h40.42V6.26S260.43 0 225.36 0c-73.22 0-121.08 44.38-121.08 124.72v70.62H22.89V288h81.39v224h100.17V288z\"><\/path><\/svg>\t\t    <\/a>\n\t\t    \t\t  <\/div>\n\t\t  \t\t<\/div>\n\t\t<!-- about text end -->\n\n\t\t<\/div>\n\n\t\t<div class=\"col-lg-6\">\n\n\t\t<!-- about image -->\n\t\t<div class=\"tst-about-cover tst-mb-60\">\n\t\t\t\t<img decoding=\"async\" src=\"https:\/\/www.heidelbeach.de\/wp-content\/uploads\/2024\/01\/beach7-950x633.jpeg\" alt=\"SO FINDEST DU UNS\" class=\"tst-cover p-top\">\n\t\t\t\t<\/div>\n\t\t<!-- about image end -->\n\n\t\t<\/div>\n\n\t\t<\/div>\n\n\t\t<div class=\"tst-spacer tst-spacer-only-bottom-space\"><\/div>\n\n\t\t<\/div>\n\t\t<!-- container end -->\n\n\t\t\t\t<\/div>\n\t\t\t\t<\/div>\n\t\t\t\t\t<\/div>\n\t\t<\/div>\n\t\t\t\t\t\t\t<\/div>\n\t\t<\/section>\n\t\t\t\t<section class=\"elementor-section elementor-top-section elementor-element elementor-element-ad4d5e2 elementor-section-full_width elementor-section-height-default elementor-section-height-default\" data-id=\"ad4d5e2\" data-element_type=\"section\">\n\t\t\t\t\t\t<div class=\"elementor-container elementor-column-gap-no\">\n\t\t\t\t\t<div class=\"elementor-column elementor-col-100 elementor-top-column elementor-element elementor-element-17d42b2\" data-id=\"17d42b2\" data-element_type=\"column\">\n\t\t\t<div class=\"elementor-widget-wrap elementor-element-populated\">\n\t\t\t\t\t\t\t\t<div class=\"elementor-element elementor-element-1b6a514 elementor-widget elementor-widget-tastyc-skills\" data-id=\"1b6a514\" data-element_type=\"widget\" data-widget_type=\"tastyc-skills.default\">\n\t\t\t\t<div class=\"elementor-widget-container\">\n\t\t\t\n\t\t<!-- container -->\n\t\t<div class=\"container\">\n\n\t\t<div class=\"row\">\n\t\t            <div class=\"col-lg-12\">\n\n            <!-- title -->\n            <div class=\"text-center\">\n                                          <h3 class=\"tst-title--h tst-mb-30\">\n              \t<span >\n\t\t          \tHeidelbeach Heidelgarden\t\t        <\/span>\n              <\/h3>\n                                          <p class=\"tst-text tst-title--desc tst-mb-60\">\n              \t<span >\n\t\t          \tTiergartenstra\u00dfe 13, 69121 Heidelberg\t\t        <\/span>\n              <\/p>\n                          <\/div>\n            <!-- title end -->\n\n          <\/div>\n          \n          \t\t            <div class=\"col-lg-4\">\n\n            <!-- skills box -->\n            <div class=\"tst-skills-box tst-mb-60 list\">\n            \t<div class=\"name\">\n\t\t\t\t\t<span >\n\t\t\t\t\t\t\u00dcBER 250 kostenlose PARKPL\u00c4TZE\t\t\t\t\t<\/span>\n\t\t\t\t<\/div>\n\t\t\t\t<div class=\"progress\">\n\t\t\t\t\t<div class=\"percentage\" style=\"width: 90%;\">\n\t\t\t\t\t\t<span class=\"percent\">\n\t\t\t\t\t\t\t<span >\n\t\t\t\t\t\t\t\t90%\t\t\t\t\t\t\t<\/span>\n\t\t\t\t\t\t<\/span>\n\t\t\t\t\t<\/div>\n\t\t\t\t<\/div>\n            <\/div>\n            <!-- skills box end -->\n\n          <\/div>\n                    <div class=\"col-lg-4\">\n\n            <!-- skills box -->\n            <div class=\"tst-skills-box tst-mb-60 list\">\n            \t<div class=\"name\">\n\t\t\t\t\t<span >\n\t\t\t\t\t\tGUTE \u00d6PNV ANBINDUNG\t\t\t\t\t<\/span>\n\t\t\t\t<\/div>\n\t\t\t\t<div class=\"progress\">\n\t\t\t\t\t<div class=\"percentage\" style=\"width: 80%;\">\n\t\t\t\t\t\t<span class=\"percent\">\n\t\t\t\t\t\t\t<span >\n\t\t\t\t\t\t\t\t80%\t\t\t\t\t\t\t<\/span>\n\t\t\t\t\t\t<\/span>\n\t\t\t\t\t<\/div>\n\t\t\t\t<\/div>\n            <\/div>\n            <!-- skills box end -->\n\n          <\/div>\n                    <div class=\"col-lg-4\">\n\n            <!-- skills box -->\n            <div class=\"tst-skills-box tst-mb-60 list\">\n            \t<div class=\"name\">\n\t\t\t\t\t<span >\n\t\t\t\t\t\tEVENTS &amp; LIVE-MUSIK\t\t\t\t\t<\/span>\n\t\t\t\t<\/div>\n\t\t\t\t<div class=\"progress\">\n\t\t\t\t\t<div class=\"percentage\" style=\"width: 75%;\">\n\t\t\t\t\t\t<span class=\"percent\">\n\t\t\t\t\t\t\t<span >\n\t\t\t\t\t\t\t\t75%\t\t\t\t\t\t\t<\/span>\n\t\t\t\t\t\t<\/span>\n\t\t\t\t\t<\/div>\n\t\t\t\t<\/div>\n            <\/div>\n            <!-- skills box end -->\n\n          <\/div>\n                    <div class=\"col-lg-4\">\n\n            <!-- skills box -->\n            <div class=\"tst-skills-box tst-mb-60 list\">\n            \t<div class=\"name\">\n\t\t\t\t\t<span >\n\t\t\t\t\t\tIM HERZEN VOM NEUENHEIMER FELD HEIDELBERG\t\t\t\t\t<\/span>\n\t\t\t\t<\/div>\n\t\t\t\t<div class=\"progress\">\n\t\t\t\t\t<div class=\"percentage\" style=\"width: 85%;\">\n\t\t\t\t\t\t<span class=\"percent\">\n\t\t\t\t\t\t\t<span >\n\t\t\t\t\t\t\t\t85%\t\t\t\t\t\t\t<\/span>\n\t\t\t\t\t\t<\/span>\n\t\t\t\t\t<\/div>\n\t\t\t\t<\/div>\n            <\/div>\n            <!-- skills box end -->\n\n          <\/div>\n                    <div class=\"col-lg-4\">\n\n            <!-- skills box -->\n            <div class=\"tst-skills-box tst-mb-60 list\">\n            \t<div class=\"name\">\n\t\t\t\t\t<span >\n\t\t\t\t\t\tDIREKT AM TIERGARTENBAD\t\t\t\t\t<\/span>\n\t\t\t\t<\/div>\n\t\t\t\t<div class=\"progress\">\n\t\t\t\t\t<div class=\"percentage\" style=\"width: 75%;\">\n\t\t\t\t\t\t<span class=\"percent\">\n\t\t\t\t\t\t\t<span >\n\t\t\t\t\t\t\t\t75%\t\t\t\t\t\t\t<\/span>\n\t\t\t\t\t\t<\/span>\n\t\t\t\t\t<\/div>\n\t\t\t\t<\/div>\n            <\/div>\n            <!-- skills box end -->\n\n          <\/div>\n                    <div class=\"col-lg-4\">\n\n            <!-- skills box -->\n            <div class=\"tst-skills-box tst-mb-60 list\">\n            \t<div class=\"name\">\n\t\t\t\t\t<span >\n\t\t\t\t\t\t500 M3 ECHTER SAND\t\t\t\t\t<\/span>\n\t\t\t\t<\/div>\n\t\t\t\t<div class=\"progress\">\n\t\t\t\t\t<div class=\"percentage\" style=\"width: 95%;\">\n\t\t\t\t\t\t<span class=\"percent\">\n\t\t\t\t\t\t\t<span >\n\t\t\t\t\t\t\t\t95%\t\t\t\t\t\t\t<\/span>\n\t\t\t\t\t\t<\/span>\n\t\t\t\t\t<\/div>\n\t\t\t\t<\/div>\n            <\/div>\n            <!-- skills box end -->\n\n          <\/div>\n                    \n        <\/div>\n\n        <div class=\"tst-spacer tst-spacer-only-bottom-space\"><\/div>\n\n\t\t<\/div>\n\t\t<!-- container end -->\n\n\t\t\t\t<\/div>\n\t\t\t\t<\/div>\n\t\t\t\t<div class=\"elementor-element elementor-element-59ae233 elementor-widget elementor-widget-google_maps\" data-id=\"59ae233\" data-element_type=\"widget\" data-widget_type=\"google_maps.default\">\n\t\t\t\t<div class=\"elementor-widget-container\">\n\t\t\t<style>\/*! elementor - v3.18.0 - 20-12-2023 *\/\n.elementor-widget-google_maps .elementor-widget-container{overflow:hidden}.elementor-widget-google_maps .elementor-custom-embed{line-height:0}.elementor-widget-google_maps iframe{height:300px}<\/style>\t\t<div class=\"elementor-custom-embed\">\n\t\t\t<iframe loading=\"lazy\"\n\t\t\t\t\tsrc=\"https:\/\/maps.google.com\/maps?q=heidelbeach&#038;t=m&#038;z=11&#038;output=embed&#038;iwloc=near\"\n\t\t\t\t\ttitle=\"heidelbeach\"\n\t\t\t\t\taria-label=\"heidelbeach\"\n\t\t\t><\/iframe>\n\t\t<\/div>\n\t\t\t\t<\/div>\n\t\t\t\t<\/div>\n\t\t\t\t\t<\/div>\n\t\t<\/div>\n\t\t\t\t\t\t\t<\/div>\n\t\t<\/section>\n\t\t\t\t\t\t\t<\/div>\n\t\t","protected":false},"excerpt":{"rendered":"<p>SO FINDEST DU UNS Anfahrt Google Maps MEHR LESEN Heidelbeach Heidelgarden Tiergartenstra\u00dfe 13, 69121 Heidelberg \u00dcBER 250 kostenlose PARKPL\u00c4TZE 90%&#8230; <span class=\"tst-el-more\"><a href=\"https:\/\/www.heidelbeach.de\/?page_id=618\" class=\"tst-label tst-color tst-anima-link\">Read more<span class=\"screen-reader-text\">Read moreAnfahrt<\/span><\/a><\/span><\/p>\n","protected":false},"author":1,"featured_media":0,"parent":0,"menu_order":0,"comment_status":"closed","ping_status":"closed","template":"template-layout-builder.php","meta":{"footnotes":""},"class_list":["post-618","page","type-page","status-publish","hentry"],"acf":[],"aioseo_notices":[],"_links":{"self":[{"href":"https:\/\/www.heidelbeach.de\/index.php?rest_route=\/wp\/v2\/pages\/618","targetHints":{"allow":["GET"]}}],"collection":[{"href":"https:\/\/www.heidelbeach.de\/index.php?rest_route=\/wp\/v2\/pages"}],"about":[{"href":"https:\/\/www.heidelbeach.de\/index.php?rest_route=\/wp\/v2\/types\/page"}],"author":[{"embeddable":true,"href":"https:\/\/www.heidelbeach.de\/index.php?rest_route=\/wp\/v2\/users\/1"}],"replies":[{"embeddable":true,"href":"https:\/\/www.heidelbeach.de\/index.php?rest_route=%2Fwp%2Fv2%2Fcomments&post=618"}],"version-history":[{"count":29,"href":"https:\/\/www.heidelbeach.de\/index.php?rest_route=\/wp\/v2\/pages\/618\/revisions"}],"predecessor-version":[{"id":3591,"href":"https:\/\/www.heidelbeach.de\/index.php?rest_route=\/wp\/v2\/pages\/618\/revisions\/3591"}],"wp:attachment":[{"href":"https:\/\/www.heidelbeach.de\/index.php?rest_route=%2Fwp%2Fv2%2Fmedia&parent=618"}],"curies":[{"name":"wp","href":"https:\/\/api.w.org\/{rel}","templated":true}]}}